{"id":860,"date":"2023-05-19T13:07:33","date_gmt":"2023-05-19T13:07:33","guid":{"rendered":"https:\/\/app-cprd-cf11.azurewebsites.net\/?page_id=860"},"modified":"2026-03-09T17:35:38","modified_gmt":"2026-03-09T17:35:38","slug":"polisi-preifatrwydd","status":"publish","type":"page","link":"https:\/\/cf11fitness.co.uk\/cy\/polisi-preifatrwydd\/","title":{"rendered":"Polisi Preifatrwydd"},"content":{"rendered":"<div class=\"wpb-content-wrapper\"><p>[vc_row][vc_column width=&#8221;1\/1&#8243;][vc_custom_heading text=&#8221;Polisi Preifatrwydd | Privacy policy&#8221; font_container=&#8221;tag:h1|text_align:left&#8221; use_theme_fonts=&#8221;yes&#8221; css=&#8221;&#8221;][\/vc_column][\/vc_row][vc_row bottom_padding=&#8221;40&#8243;][vc_column width=&#8221;1\/1&#8243;][vc_column_text]Gweld ein hysbysiad preifatrwydd | View our privacy notice[\/vc_column_text][\/vc_column][\/vc_row][vc_row][vc_column width=&#8221;1\/1&#8243;][vc_tta_accordion section_title_tag=&#8221;h2&#8243; active_section=&#8221;10&#8243; collapsible_all=&#8221;true&#8221;][vc_tta_section title=&#8221;Polisi Preifatrwydd&#8221; tab_id=&#8221;polisipreifatrwydd&#8221;][vc_column_text]<\/p>\n<h1>Polisi Preifatrwydd<\/h1>\n<h2>Rheoliad Diogelu Data Cyffredinol 2018<\/h2>\n<p><strong>HYSBYSIAD PREIFATRWYDD CANOLFAN HAMDDEN TREM Y M\u00d4R<\/strong><\/p>\n<p>Mae&#8217;r rhybudd hwn ar gyfer unigolion sydd wedi cofrestru i ddefnyddio&#8217;r cyfleusterau yng Nghanolfan Hamdden Trem y M\u00f4r.<\/p>\n<p>Mae&#8217;r Cyngor yn prosesu gwybodaeth benodol amdanoch chi (a elwir yn ddata personol) o ddydd i ddydd er mwyn cyflawni ein swyddogaethau. Rydym wedi&#8217;n cofrestru gyda Swyddfa&#8217;r Comisiynydd Gwybodaeth a bydd unrhyw wybodaeth sydd gennym yn cael ei phrosesu yn unol \u00e2 gofynion y Ddeddf Diogelu Data a GDPR y DU.<\/p>\n<p>Mae\u2019r hysbysiad hwn wedi\u2019i greu i roi gwybodaeth i chi am unrhyw ddata mae Canolfan Hamdden Trem y M\u00f4r yn ei gadw amdanoch, sut maent yn ei defnyddio, eich hawliau mewn perthynas \u00e2 hi a&#8217;r mesurau diogelu sydd ar waith i&#8217;w ddiogelu.<\/p>\n<p>&nbsp;<\/p>\n<p><strong>Pa ddata personol sydd gennym a sut rydym yn ei gael<\/strong><\/p>\n<p>Mae Canolfan Hamdden Trem y M\u00f4r yn casglu, yn prosesu, ac yn dal eich data personol er mwyn darparu gwasanaethau hamdden yn effeithiol ar ran Cyngor Caerdydd. Rydym yn derbyn eich data personol pan fyddwch yn cofrestru i ddefnyddio ein cyfleusterau hamdden.<\/p>\n<p>Y data rydym yn ei gasglu, a&#8217;i brosesu yw:<\/p>\n<p>\u00b7 Manylion cyswllt, gan gynnwys enw, cyfeiriad, rhifau ff\u00f4n a chyfeiriadau e-bost.<\/p>\n<p>\u00b7 Manylion ariannol fel rhif cyfrif banc os ydych yn talu aelodaeth drwy Ddebyd Uniongyrchol.<\/p>\n<p>\u00b7 Rhywedd<\/p>\n<p>\u00b7 Dyddiad geni<\/p>\n<p>\u00b7 Data anabledd<\/p>\n<p>\u00b7 Iechyd Corfforol<\/p>\n<p>&nbsp;<\/p>\n<p><strong>Sut y byddwn yn defnyddio&#8217;ch data personol<\/strong><\/p>\n<p>Byddwn yn defnyddio eich gwybodaeth bersonol er mwyn cynnig mynediad i&#8217;n gwasanaethau hamdden i chi. Gall hyn gynnwys unrhyw un o&#8217;r canlynol:<\/p>\n<p>\u00b7 Prosesu eich aelodaeth trwy ein system gyfrifiadurol<\/p>\n<p>\u00b7 Darparu mynediad i&#8217;n cyfleusterau<\/p>\n<p>\u00b7 Darparu gwybodaeth debyd uniongyrchol i fanciau i brosesu taliadau<\/p>\n<p>\u00b7 I greu cofrestrau ar gyfer archebion dosbarth a chyrsiau<\/p>\n<p>\u00b7 Am resymau iechyd a diogelwch, megis manylion cyswllt brys<\/p>\n<p>\u00b7 I gysylltu \u00e2 chi am faterion sy&#8217;n gysylltiedig \u00e2 gwasanaeth e.e. taliadau debyd uniongyrchol coll, newid math aelodaeth ac ati.<\/p>\n<p>\u00b7 Lle mae cydsyniad wedi&#8217;i roi, i gysylltu \u00e2 chi gyda diweddariadau\/cynigion o&#8217;r gwasanaethau sydd ar gael<\/p>\n<p>&nbsp;<\/p>\n<p><strong>Sefydliadau y gallwn rannu eich data personol \u00e2 nhw<\/strong><\/p>\n<p>Gallwn ddatgelu eich gwybodaeth i eraill, megis y GIG neu&#8217;r heddlu, ond dim ond pan fo hyn yn angenrheidiol naill ai i gydymffurfio \u00e2 rhwymedigaethau cyfreithiol neu fel y caniateir gan ddeddfwriaeth Diogelu Data.<\/p>\n<p>&nbsp;<\/p>\n<p><strong>Pa mor hir rydym yn cadw eich data personol<\/strong><\/p>\n<p>Byddwn ond yn cadw eich data personol cyn hired ag sydd ei angen er mwyn cyflawni\u2019r diben(ion) y cafodd ei gasglu ar ei gyfer ac am gyfnod yr ydym yn ei ystyried yn angenrheidiol i ymdrin ag unrhyw gwestiynau neu gwynion y byddwn yn eu derbyn, oni bai y dewiswn gadw eich data am gyfnod hwy i gydymffurfio \u00e2\u2019n rhwymedigaethau cyfreithiol a rheoliadol.<\/p>\n<p>Bydd data personol yn cael ei gadw am flwyddyn ar \u00f4l i&#8217;ch aelodaeth gael ei ganslo. Ar \u00f4l y cyfnod hwn, bydd data&#8217;n cael ei wneud yn ddienw, a chop\u00efau caled yn cael eu dinistrio.<\/p>\n<p>&nbsp;<\/p>\n<p><strong>Eich hawliau<\/strong><\/p>\n<p>Mae gennych hawl i gael mynediad at eich data a chael copi o\u2019r data personol sydd gan y Cyngor amdanoch a gofyn i\u2019r Awdurdod gywiro eich data personol os oes camgymeriadau neu wybodaeth sy\u2019n hen. Mewn rhai amgylchiadau, cewch hefyd ofyn i\u2019r Cyngor gyfyngu ar brosesu eich data personol tan fod unrhyw gamgymeriadau\u2019n cael eu gwirio, gwrthwynebu prosesu neu drosglwyddo neu (mewn amgylchiadau cyfyngedig iawn) ofyn i ni ddileu eich data personol.<\/p>\n<p>&nbsp;<\/p>\n<p>Os hoffech chi arfer unrhyw un neu rai o\u2019r hawliau hyn neu os oes gennych unrhyw ymholiadau neu bryderon yn gysylltiedig \u00e2 phrosesu eich data personol, cysylltwch \u00e2\u2019r Swyddog Diogelu Data fel y nodir isod. Gallwch gael rhagor o wybodaeth am yr hawliau hyn oddi wrth <a href=\"https:\/\/www.ico.org.uk\/\">Swyddfa&#8217;r Comisiynydd Gwybodaeth<\/a> neu drwy eu llinell gymorth 0303 123 1113.<\/p>\n<p>&nbsp;<\/p>\n<p><strong>Y sail gyfreithiol ar gyfer ein defnydd o\u2019ch data personol<\/strong><\/p>\n<p>Ein sail gyfreithlon ar gyfer prosesu&#8217;r wybodaeth hon at y dibenion uchod yw Erthygl 6 (1) (b) lle mae angen prosesu ar gyfer perfformiad contract y mae&#8217;r gwrthrych data yn barti iddo neu er mwyn cymryd camau ar gais y gwrthrych data cyn ymrwymo i gontract.<\/p>\n<p>Mewn rhai amgylchiadau, bydd gofyn i ni brosesu gwybodaeth yngl\u0177n ag iechyd unigolyn. Dosberthir hyn fel data categori arbennig a chaiff ei brosesu o dan Erthygl 9 (2) (g) lle mae prosesu\u2019n angenrheidiol at ddibenion meddygaeth ataliol neu alwedigaethol, ar gyfer asesu gallu gweithio&#8217;r gweithiwr, diagnosis meddygol, darparu gofal iechyd neu ofal cymdeithasol neu driniaeth neu reoli systemau iechyd a gofal cymdeithasol.<\/p>\n<p>&nbsp;<\/p>\n<p><strong>Swyddog Diogelu Data<\/strong><\/p>\n<p>Cysylltwch \u00e2\u2019r Swyddog Diogelu Data i gael mwy o wybodaeth.<\/p>\n<p><strong>Swyddog Diogelu Data T\u00eem<\/strong><br \/>\nLlywodraethu Gwybodaeth<br \/>\nNeuadd y Sir<br \/>\nGlanfa\u2019r Iwerydd<br \/>\nCaerdydd CF10 4UW<br \/>\ndiogeludata@caerdydd.gov.uk<\/p>\n<p><strong>Diweddaru\u2019r hysbysiad hwn<\/strong><\/p>\n<p>Gallwn ddiweddaru\u2019r hysbysiad hwn o dro i dro. Pan fyddwn yn gwneud hyn, byddwn yn rhoi gwybod i chi am unrhyw newidiadau a\u2019r dyddiadau y daw&#8217;r newidiadau i rym.<\/p>\n<p>Diweddarwyd ddiwethaf: Hydref 2022[\/vc_column_text][\/vc_tta_section][vc_tta_section title=&#8221;Privacy policy&#8221; tab_id=&#8221;privacypolicy&#8221;][vc_column_text]<\/p>\n<h1>Privacy policy<\/h1>\n<h2>General Data Protection Regulation 2018<\/h2>\n<p><strong>CHANNEL VIEW LEISURE CENTRE PRIVACY NOTICE<\/strong><\/p>\n<p>This notice is for individuals who have signed up to use the facilities at Channel View Leisure Centre.<\/p>\n<p>The Council processes certain information about you (known as personal data) on a day-to-day basis to carry out our functions. We are registered with the Information Commissioner\u2019s Office and any information we hold will be processed in line with the requirements of the Data Protection Act and UK GDPR.<\/p>\n<p>\u200bThis notice is designed to give you information about any data Channel View Leisure Centre holds about you, how they use it, your rights in relation to it and the safeguards that are in place to protect it.<\/p>\n<p><strong>What personal data we hold and how we obtain it<\/strong><\/p>\n<p>Channel View Leisure Centre collects, processes, and holds your personal data in order to provide leisure services effectively on behalf of Cardiff Council.\u00a0 We obtain your personal data when you sign up to use our leisure facilities.<\/p>\n<p>The data that we collect, and process is:<\/p>\n<ul>\n<li>Contact details, including name, address, telephone numbers and email address.<\/li>\n<li>Financial details such as bank account number if you pay a membership by Direct Debit.<\/li>\n<li>Gender<\/li>\n<li>Date of birth<\/li>\n<li>Disability Data<\/li>\n<li>Physical Health<\/li>\n<\/ul>\n<p><strong>\u00a0<\/strong><\/p>\n<p><strong>How we will use your personal data<\/strong><\/p>\n<p>We will use your personal information to\u00a0provide you with access to our leisure services. This may include any of the following:<\/p>\n<ul>\n<li>Processing your membership via our computer system<\/li>\n<li>Provide access to our facilities<\/li>\n<li>To provide banks with direct debit information to process payments<\/li>\n<li>To create registers for class bookings and courses<\/li>\n<li>For health and safety reasons, such as emergency contact details<\/li>\n<li>To contact you for service-related matters e.g., missed direct debit payments, change of membership type etc.<\/li>\n<li>Where consent has been given, to contact you with updates\/offers of the services available<\/li>\n<\/ul>\n<p><strong>Organisations that we may share your personal data with<\/strong><\/p>\n<p>We may disclose your information to others, such as the NHS or police, but only where this is necessary either to comply with legal obligations or as permitted by Data Protection legislation.<\/p>\n<p><strong>How long we keep your personal data<\/strong><\/p>\n<p>We will only keep your personal data for as long as we need to in order to fulfil the purpose(s) for which it was collected and for so long afterwards as we consider may be required to deal with any questions or complaints that we may receive, unless we elect to retain your data for a longer period to comply with our legal and regulatory obligations.<\/p>\n<p>Personal data will be kept for 1 year after your membership is cancelled. After this period of time, data will be anonymised, and hard copies destroyed.<\/p>\n<p><strong>Your rights<\/strong><\/p>\n<p>You have a right to access and obtain a copy of the personal data that the Council holds about you and to ask the Authority to correct your personal data if there are any errors or it is out of date. In some circumstances you may also have a right to ask the Council to restrict the processing of your personal data until any errors are corrected, to object to processing or to transfer or (in very limited circumstances) erase your personal data.<\/p>\n<p>If you wish to exercise any of these rights or have any queries or concerns regarding the processing of your personal data, please contact the Data Protection Officer as indicated below.<\/p>\n<p>You can obtain further information about these rights from the <a href=\"https:\/\/www.ico.org.uk\/\">Information Commissioner\u2019s Office\u200b\u200b<\/a> or via their telephone helpline 0303 123 1113.<\/p>\n<p><strong>The legal basis for our use of your personal data<\/strong><\/p>\n<p>Our lawful basis for processing this information for the above purposes is Article 6 (1) (b) where processing is necessary for the performance of a contract to which the data subject is party or in order to take steps at the request of the data subject prior to entering into a contract.<\/p>\n<p>In some circumstances, we will be required to process information regarding an individual\u2019s health.\u00a0This is classified as special\u00a0category data and will be processed under Article 9 (2) (g) where processing is necessary for the purposes of preventative or occupational medicine, for the assessment of the working capacity of the employee, medical diagnosis, the provision of health or social care or treatment or the management of health and social care systems.<\/p>\n<p><strong>\u00a0<\/strong><\/p>\n<p><strong>Data Protection Officer <\/strong><\/p>\n<p>Please contact the Data Protection Officer for further information.<\/p>\n<p><strong>Data Protection Officer<\/strong><br \/>\nInformation Governance Team<br \/>\nCounty Hall<br \/>\nAtlantic Wharf<br \/>\nCardiff<br \/>\nCF10 4UW<\/p>\n<p><a href=\"mailto:dataprotection@cardiff.gov.uk\">dataprotection@cardiff.gov.uk\u00a0\u200b<\/a><\/p>\n<p><strong>Updating this notice<\/strong><\/p>\n<p>We may update this notice periodically. Where we do this, we will inform you of the changes and the date on which the changes take effect.<\/p>\n<p>Last updated: October 2022[\/vc_column_text][\/vc_tta_section][\/vc_tta_accordion][\/vc_column][\/vc_row]<\/p>\n<\/div>","protected":false},"excerpt":{"rendered":"<p>[vc_row][vc_column width=&#8221;1\/1&#8243;][vc_custom_heading text=&#8221;Polisi Preifatrwydd | Privacy policy&#8221; font_container=&#8221;tag:h1|text_align:left&#8221; use_theme_fonts=&#8221;yes&#8221; css=&#8221;&#8221;][\/vc_column][\/vc_row][vc_row bottom_padding=&#8221;40&#8243;][vc_column width=&#8221;1\/1&#8243;][vc_column_text]Gweld ein hysbysiad preifatrwydd | View our privacy notice[\/vc_column_text][\/vc_column][\/vc_row][vc_row][vc_column width=&#8221;1\/1&#8243;][vc_tta_accordion section_title_tag=&#8221;h2&#8243; active_section=&#8221;10&#8243; collapsible_all=&#8221;true&#8221;][vc_tta_section title=&#8221;Polisi Preifatrwydd&#8221; tab_id=&#8221;polisipreifatrwydd&#8221;][vc_column_text] Polisi Preifatrwydd Rheoliad Diogelu Data Cyffredinol 2018 HYSBYSIAD PREIFATRWYDD CANOLFAN HAMDDEN TREM Y M\u00d4R Mae&#8217;r rhybudd hwn ar gyfer unigolion sydd wedi cofrestru i ddefnyddio&#8217;r cyfleusterau yng Nghanolfan Hamdden Trem y M\u00f4r. Mae&#8217;r Cyngor yn prosesu gwybodaeth benodol amdanoch chi (a elwir yn ddata personol) o ddydd i ddydd er mwyn cyflawni ein swyddogaethau. Rydym wedi&#8217;n cofrestru gyda Swyddfa&#8217;r Comisiynydd Gwybodaeth a bydd unrhyw wybodaeth sydd gennym yn cael ei phrosesu yn unol \u00e2 gofynion y Ddeddf Diogelu Data a GDPR y DU. Mae\u2019r hysbysiad hwn wedi\u2019i greu i roi gwybodaeth i chi am unrhyw ddata mae Canolfan Hamdden Trem y M\u00f4r yn ei gadw amdanoch, sut maent yn ei defnyddio, eich hawliau mewn perthynas \u00e2 hi a&#8217;r mesurau diogelu sydd ar waith i&#8217;w ddiogelu. &nbsp; Pa ddata personol sydd gennym a sut rydym yn ei gael Mae Canolfan Hamdden Trem y M\u00f4r yn casglu, yn prosesu, ac yn dal eich data personol er mwyn darparu gwasanaethau hamdden yn effeithiol ar ran Cyngor Caerdydd. Rydym yn derbyn eich data personol pan fyddwch yn [&hellip;]<\/p>\n","protected":false},"author":1,"featured_media":0,"parent":0,"menu_order":0,"comment_status":"closed","ping_status":"closed","template":"","meta":{"_acf_changed":false,"footnotes":""},"class_list":["post-860","page","type-page","status-publish","hentry"],"acf":[],"yoast_head":"<!-- This site is optimized with the Yoast SEO plugin v27.3 - https:\/\/yoast.com\/product\/yoast-seo-wordpress\/ -->\n<title>Polisi Preifatrwydd - CF11 Ffitrwydd<\/title>\n<meta name=\"robots\" content=\"index, follow, max-snippet:-1, max-image-preview:large, max-video-preview:-1\" \/>\n<link rel=\"canonical\" href=\"https:\/\/cf11fitness.co.uk\/cy\/polisi-preifatrwydd\/\" \/>\n<meta property=\"og:locale\" content=\"cy_GB\" \/>\n<meta property=\"og:type\" content=\"article\" \/>\n<meta property=\"og:title\" content=\"Polisi Preifatrwydd - CF11 Ffitrwydd\" \/>\n<meta property=\"og:description\" content=\"[vc_row][vc_column width=&#8221;1\/1&#8243;][vc_custom_heading text=&#8221;Polisi Preifatrwydd | Privacy policy&#8221; font_container=&#8221;tag:h1|text_align:left&#8221; use_theme_fonts=&#8221;yes&#8221; css=&#8221;&#8221;][\/vc_column][\/vc_row][vc_row bottom_padding=&#8221;40&#8243;][vc_column width=&#8221;1\/1&#8243;][vc_column_text]Gweld ein hysbysiad preifatrwydd | View our privacy notice[\/vc_column_text][\/vc_column][\/vc_row][vc_row][vc_column width=&#8221;1\/1&#8243;][vc_tta_accordion section_title_tag=&#8221;h2&#8243; active_section=&#8221;10&#8243; collapsible_all=&#8221;true&#8221;][vc_tta_section title=&#8221;Polisi Preifatrwydd&#8221; tab_id=&#8221;polisipreifatrwydd&#8221;][vc_column_text] Polisi Preifatrwydd Rheoliad Diogelu Data Cyffredinol 2018 HYSBYSIAD PREIFATRWYDD CANOLFAN HAMDDEN TREM Y M\u00d4R Mae&#8217;r rhybudd hwn ar gyfer unigolion sydd wedi cofrestru i ddefnyddio&#8217;r cyfleusterau yng Nghanolfan Hamdden Trem y M\u00f4r. Mae&#8217;r Cyngor yn prosesu gwybodaeth benodol amdanoch chi (a elwir yn ddata personol) o ddydd i ddydd er mwyn cyflawni ein swyddogaethau. Rydym wedi&#8217;n cofrestru gyda Swyddfa&#8217;r Comisiynydd Gwybodaeth a bydd unrhyw wybodaeth sydd gennym yn cael ei phrosesu yn unol \u00e2 gofynion y Ddeddf Diogelu Data a GDPR y DU. Mae\u2019r hysbysiad hwn wedi\u2019i greu i roi gwybodaeth i chi am unrhyw ddata mae Canolfan Hamdden Trem y M\u00f4r yn ei gadw amdanoch, sut maent yn ei defnyddio, eich hawliau mewn perthynas \u00e2 hi a&#8217;r mesurau diogelu sydd ar waith i&#8217;w ddiogelu. &nbsp; Pa ddata personol sydd gennym a sut rydym yn ei gael Mae Canolfan Hamdden Trem y M\u00f4r yn casglu, yn prosesu, ac yn dal eich data personol er mwyn darparu gwasanaethau hamdden yn effeithiol ar ran Cyngor Caerdydd. Rydym yn derbyn eich data personol pan fyddwch yn [&hellip;]\" \/>\n<meta property=\"og:url\" content=\"https:\/\/cf11fitness.co.uk\/cy\/polisi-preifatrwydd\/\" \/>\n<meta property=\"og:site_name\" content=\"CF11 Ffitrwydd\" \/>\n<meta property=\"article:modified_time\" content=\"2026-03-09T17:35:38+00:00\" \/>\n<meta name=\"twitter:card\" content=\"summary_large_image\" \/>\n<meta name=\"twitter:label1\" content=\"Est. reading time\" \/>\n\t<meta name=\"twitter:data1\" content=\"8 minutes\" \/>\n<script type=\"application\/ld+json\" class=\"yoast-schema-graph\">{\"@context\":\"https:\\\/\\\/schema.org\",\"@graph\":[{\"@type\":\"WebPage\",\"@id\":\"https:\\\/\\\/cf11fitness.co.uk\\\/cy\\\/polisi-preifatrwydd\\\/\",\"url\":\"https:\\\/\\\/cf11fitness.co.uk\\\/cy\\\/polisi-preifatrwydd\\\/\",\"name\":\"Polisi Preifatrwydd - CF11 Ffitrwydd\",\"isPartOf\":{\"@id\":\"https:\\\/\\\/cf11fitness.co.uk\\\/#website\"},\"datePublished\":\"2023-05-19T13:07:33+00:00\",\"dateModified\":\"2026-03-09T17:35:38+00:00\",\"breadcrumb\":{\"@id\":\"https:\\\/\\\/cf11fitness.co.uk\\\/cy\\\/polisi-preifatrwydd\\\/#breadcrumb\"},\"inLanguage\":\"cy-GB\",\"potentialAction\":[{\"@type\":\"ReadAction\",\"target\":[\"https:\\\/\\\/cf11fitness.co.uk\\\/cy\\\/polisi-preifatrwydd\\\/\"]}]},{\"@type\":\"BreadcrumbList\",\"@id\":\"https:\\\/\\\/cf11fitness.co.uk\\\/cy\\\/polisi-preifatrwydd\\\/#breadcrumb\",\"itemListElement\":[{\"@type\":\"ListItem\",\"position\":1,\"name\":\"Home\",\"item\":\"https:\\\/\\\/cf11fitness.co.uk\\\/cy\\\/\"},{\"@type\":\"ListItem\",\"position\":2,\"name\":\"Polisi Preifatrwydd\"}]},{\"@type\":\"WebSite\",\"@id\":\"https:\\\/\\\/cf11fitness.co.uk\\\/#website\",\"url\":\"https:\\\/\\\/cf11fitness.co.uk\\\/\",\"name\":\"CF11 Ffitrwydd\",\"description\":\"Equipped with the latest state-of-the-art TechnoGym equipment\",\"potentialAction\":[{\"@type\":\"SearchAction\",\"target\":{\"@type\":\"EntryPoint\",\"urlTemplate\":\"https:\\\/\\\/cf11fitness.co.uk\\\/?s={search_term_string}\"},\"query-input\":{\"@type\":\"PropertyValueSpecification\",\"valueRequired\":true,\"valueName\":\"search_term_string\"}}],\"inLanguage\":\"cy-GB\"}]}<\/script>\n<!-- \/ Yoast SEO plugin. -->","yoast_head_json":{"title":"Polisi Preifatrwydd - CF11 Ffitrwydd","robots":{"index":"index","follow":"follow","max-snippet":"max-snippet:-1","max-image-preview":"max-image-preview:large","max-video-preview":"max-video-preview:-1"},"canonical":"https:\/\/cf11fitness.co.uk\/cy\/polisi-preifatrwydd\/","og_locale":"cy_GB","og_type":"article","og_title":"Polisi Preifatrwydd - CF11 Ffitrwydd","og_description":"[vc_row][vc_column width=&#8221;1\/1&#8243;][vc_custom_heading text=&#8221;Polisi Preifatrwydd | Privacy policy&#8221; font_container=&#8221;tag:h1|text_align:left&#8221; use_theme_fonts=&#8221;yes&#8221; css=&#8221;&#8221;][\/vc_column][\/vc_row][vc_row bottom_padding=&#8221;40&#8243;][vc_column width=&#8221;1\/1&#8243;][vc_column_text]Gweld ein hysbysiad preifatrwydd | View our privacy notice[\/vc_column_text][\/vc_column][\/vc_row][vc_row][vc_column width=&#8221;1\/1&#8243;][vc_tta_accordion section_title_tag=&#8221;h2&#8243; active_section=&#8221;10&#8243; collapsible_all=&#8221;true&#8221;][vc_tta_section title=&#8221;Polisi Preifatrwydd&#8221; tab_id=&#8221;polisipreifatrwydd&#8221;][vc_column_text] Polisi Preifatrwydd Rheoliad Diogelu Data Cyffredinol 2018 HYSBYSIAD PREIFATRWYDD CANOLFAN HAMDDEN TREM Y M\u00d4R Mae&#8217;r rhybudd hwn ar gyfer unigolion sydd wedi cofrestru i ddefnyddio&#8217;r cyfleusterau yng Nghanolfan Hamdden Trem y M\u00f4r. Mae&#8217;r Cyngor yn prosesu gwybodaeth benodol amdanoch chi (a elwir yn ddata personol) o ddydd i ddydd er mwyn cyflawni ein swyddogaethau. Rydym wedi&#8217;n cofrestru gyda Swyddfa&#8217;r Comisiynydd Gwybodaeth a bydd unrhyw wybodaeth sydd gennym yn cael ei phrosesu yn unol \u00e2 gofynion y Ddeddf Diogelu Data a GDPR y DU. Mae\u2019r hysbysiad hwn wedi\u2019i greu i roi gwybodaeth i chi am unrhyw ddata mae Canolfan Hamdden Trem y M\u00f4r yn ei gadw amdanoch, sut maent yn ei defnyddio, eich hawliau mewn perthynas \u00e2 hi a&#8217;r mesurau diogelu sydd ar waith i&#8217;w ddiogelu. &nbsp; Pa ddata personol sydd gennym a sut rydym yn ei gael Mae Canolfan Hamdden Trem y M\u00f4r yn casglu, yn prosesu, ac yn dal eich data personol er mwyn darparu gwasanaethau hamdden yn effeithiol ar ran Cyngor Caerdydd. Rydym yn derbyn eich data personol pan fyddwch yn [&hellip;]","og_url":"https:\/\/cf11fitness.co.uk\/cy\/polisi-preifatrwydd\/","og_site_name":"CF11 Ffitrwydd","article_modified_time":"2026-03-09T17:35:38+00:00","twitter_card":"summary_large_image","twitter_misc":{"Est. reading time":"8 minutes"},"schema":{"@context":"https:\/\/schema.org","@graph":[{"@type":"WebPage","@id":"https:\/\/cf11fitness.co.uk\/cy\/polisi-preifatrwydd\/","url":"https:\/\/cf11fitness.co.uk\/cy\/polisi-preifatrwydd\/","name":"Polisi Preifatrwydd - CF11 Ffitrwydd","isPartOf":{"@id":"https:\/\/cf11fitness.co.uk\/#website"},"datePublished":"2023-05-19T13:07:33+00:00","dateModified":"2026-03-09T17:35:38+00:00","breadcrumb":{"@id":"https:\/\/cf11fitness.co.uk\/cy\/polisi-preifatrwydd\/#breadcrumb"},"inLanguage":"cy-GB","potentialAction":[{"@type":"ReadAction","target":["https:\/\/cf11fitness.co.uk\/cy\/polisi-preifatrwydd\/"]}]},{"@type":"BreadcrumbList","@id":"https:\/\/cf11fitness.co.uk\/cy\/polisi-preifatrwydd\/#breadcrumb","itemListElement":[{"@type":"ListItem","position":1,"name":"Home","item":"https:\/\/cf11fitness.co.uk\/cy\/"},{"@type":"ListItem","position":2,"name":"Polisi Preifatrwydd"}]},{"@type":"WebSite","@id":"https:\/\/cf11fitness.co.uk\/#website","url":"https:\/\/cf11fitness.co.uk\/","name":"CF11 Ffitrwydd","description":"Equipped with the latest state-of-the-art TechnoGym equipment","potentialAction":[{"@type":"SearchAction","target":{"@type":"EntryPoint","urlTemplate":"https:\/\/cf11fitness.co.uk\/?s={search_term_string}"},"query-input":{"@type":"PropertyValueSpecification","valueRequired":true,"valueName":"search_term_string"}}],"inLanguage":"cy-GB"}]}},"_links":{"self":[{"href":"https:\/\/cf11fitness.co.uk\/cy\/wp-json\/wp\/v2\/pages\/860","targetHints":{"allow":["GET"]}}],"collection":[{"href":"https:\/\/cf11fitness.co.uk\/cy\/wp-json\/wp\/v2\/pages"}],"about":[{"href":"https:\/\/cf11fitness.co.uk\/cy\/wp-json\/wp\/v2\/types\/page"}],"author":[{"embeddable":true,"href":"https:\/\/cf11fitness.co.uk\/cy\/wp-json\/wp\/v2\/users\/1"}],"replies":[{"embeddable":true,"href":"https:\/\/cf11fitness.co.uk\/cy\/wp-json\/wp\/v2\/comments?post=860"}],"version-history":[{"count":6,"href":"https:\/\/cf11fitness.co.uk\/cy\/wp-json\/wp\/v2\/pages\/860\/revisions"}],"predecessor-version":[{"id":1309,"href":"https:\/\/cf11fitness.co.uk\/cy\/wp-json\/wp\/v2\/pages\/860\/revisions\/1309"}],"wp:attachment":[{"href":"https:\/\/cf11fitness.co.uk\/cy\/wp-json\/wp\/v2\/media?parent=860"}],"curies":[{"name":"wp","href":"https:\/\/api.w.org\/{rel}","templated":true}]}}